{"id":18,"date":"2013-06-02T21:12:34","date_gmt":"2013-06-02T19:12:34","guid":{"rendered":"http:\/\/www.abono.de\/erlebenswert_bamberg\/?page_id=18"},"modified":"2014-09-15T11:26:50","modified_gmt":"2014-09-15T09:26:50","slug":"orientierungstouren","status":"publish","type":"page","link":"https:\/\/www.erlebenswert-bamberg.de\/?page_id=18","title":{"rendered":"Orientierungstouren"},"content":{"rendered":"<p>Die Orientierungstour startet mit einer kurzen Einweisung in den professionellen Umgang mit Karte und Kompass.<br \/>\nDann wird die Gruppe in Kleingruppen unterteilt. Auf dem folgenden Weg \u00fcbernimmt dann immer eine Kleingruppe f\u00fcr eine gewisse Zeit die F\u00fchrung und ist somit f\u00fcr die komplette Gruppe verantwortlich. Dabei muss nicht nur der Weg gesucht werden, sondern auch die Pausen eingeteilt werden. Und nat\u00fcrlich d\u00fcrfen die einzelnen Teammitglieder nicht aus den Augen verloren werden. Kommen alle mit dem gelaufenen Tempo mit oder ist mal eine Pause n\u00f6tig?<\/p>\n<p>Zeitbedarf: 3 bis 4 Stunden<\/p>\n","protected":false},"excerpt":{"rendered":"<p>Die Orientierungstour startet mit einer kurzen Einweisung in den professionellen Umgang mit Karte und Kompass. Dann wird die Gruppe in Kleingruppen unterteilt. Auf dem folgenden Weg \u00fcbernimmt dann immer eine Kleingruppe f\u00fcr eine gewisse Zeit die F\u00fchrung und ist somit &hellip; <a href=\"https:\/\/www.erlebenswert-bamberg.de\/?page_id=18\">Weiterlesen <span class=\"meta-nav\">&rarr;<\/span><\/a><\/p>\n","protected":false},"author":1,"featured_media":101,"parent":8,"menu_order":0,"comment_status":"closed","ping_status":"closed","template":"","meta":{"footnotes":""},"class_list":["post-18","page","type-page","status-publish","has-post-thumbnail","hentry"],"_links":{"self":[{"href":"https:\/\/www.erlebenswert-bamberg.de\/index.php?rest_route=\/wp\/v2\/pages\/18","targetHints":{"allow":["GET"]}}],"collection":[{"href":"https:\/\/www.erlebenswert-bamberg.de\/index.php?rest_route=\/wp\/v2\/pages"}],"about":[{"href":"https:\/\/www.erlebenswert-bamberg.de\/index.php?rest_route=\/wp\/v2\/types\/page"}],"author":[{"embeddable":true,"href":"https:\/\/www.erlebenswert-bamberg.de\/index.php?rest_route=\/wp\/v2\/users\/1"}],"replies":[{"embeddable":true,"href":"https:\/\/www.erlebenswert-bamberg.de\/index.php?rest_route=%2Fwp%2Fv2%2Fcomments&post=18"}],"version-history":[{"count":4,"href":"https:\/\/www.erlebenswert-bamberg.de\/index.php?rest_route=\/wp\/v2\/pages\/18\/revisions"}],"predecessor-version":[{"id":150,"href":"https:\/\/www.erlebenswert-bamberg.de\/index.php?rest_route=\/wp\/v2\/pages\/18\/revisions\/150"}],"up":[{"embeddable":true,"href":"https:\/\/www.erlebenswert-bamberg.de\/index.php?rest_route=\/wp\/v2\/pages\/8"}],"wp:featuredmedia":[{"embeddable":true,"href":"https:\/\/www.erlebenswert-bamberg.de\/index.php?rest_route=\/wp\/v2\/media\/101"}],"wp:attachment":[{"href":"https:\/\/www.erlebenswert-bamberg.de\/index.php?rest_route=%2Fwp%2Fv2%2Fmedia&parent=18"}],"curies":[{"name":"wp","href":"https:\/\/api.w.org\/{rel}","templated":true}]}}