{"id":20,"date":"2013-06-02T21:13:02","date_gmt":"2013-06-02T19:13:02","guid":{"rendered":"http:\/\/www.abono.de\/erlebenswert_bamberg\/?page_id=20"},"modified":"2014-09-15T11:20:00","modified_gmt":"2014-09-15T09:20:00","slug":"erlebnistour","status":"publish","type":"page","link":"https:\/\/www.erlebenswert-bamberg.de\/?page_id=20","title":{"rendered":"Erlebnistour"},"content":{"rendered":"<p>Eine kleine Wanderung wird durch eine Reihe unterschiedlich komplexer Aufgaben zum Erlebnis. Die Aktionen verlangen Teamgeist, Kreativit\u00e4t und kommunikatives Geschick der Teilnehmer und bauen aufeinander auf. Wir steigen mit leichten \u00dcbungen ein und fordern das Team im Verlauf des Weges immer st\u00e4rker. Das gibt der Gruppe Gelegenheit, an den Aufgaben zu wachsen.<br \/>\nSo m\u00fcssen die Kinder und Jugendlichen z.B. einen imagin\u00e4ren elektrischen Zaun \u00fcberwinden oder einen Schatz aus einem S\u00e4ureteich bergen.<\/p>\n<p>Zeitbedarf: 3 bis 4 Stunden<\/p>\n<p><a href=\"http:\/\/www.abono.de\/erlebenswert_bamberg\/wp-content\/uploads\/2013\/06\/erlebnistour_unten2.jpg\"><img loading=\"lazy\" decoding=\"async\" class=\"alignleft size-full wp-image-124\" alt=\"erlebnistour_unten2\" src=\"http:\/\/www.abono.de\/erlebenswert_bamberg\/wp-content\/uploads\/2013\/06\/erlebnistour_unten2.jpg\" width=\"1000\" height=\"288\" srcset=\"https:\/\/www.erlebenswert-bamberg.de\/wp-content\/uploads\/2013\/06\/erlebnistour_unten2.jpg 1000w, https:\/\/www.erlebenswert-bamberg.de\/wp-content\/uploads\/2013\/06\/erlebnistour_unten2-300x86.jpg 300w, https:\/\/www.erlebenswert-bamberg.de\/wp-content\/uploads\/2013\/06\/erlebnistour_unten2-500x144.jpg 500w\" sizes=\"auto, (max-width: 1000px) 100vw, 1000px\" \/><\/a><\/p>\n","protected":false},"excerpt":{"rendered":"<p>Eine kleine Wanderung wird durch eine Reihe unterschiedlich komplexer Aufgaben zum Erlebnis. Die Aktionen verlangen Teamgeist, Kreativit\u00e4t und kommunikatives Geschick der Teilnehmer und bauen aufeinander auf. Wir steigen mit leichten \u00dcbungen ein und fordern das Team im Verlauf des Weges &hellip; <a href=\"https:\/\/www.erlebenswert-bamberg.de\/?page_id=20\">Weiterlesen <span class=\"meta-nav\">&rarr;<\/span><\/a><\/p>\n","protected":false},"author":1,"featured_media":94,"parent":8,"menu_order":0,"comment_status":"closed","ping_status":"closed","template":"","meta":{"footnotes":""},"class_list":["post-20","page","type-page","status-publish","has-post-thumbnail","hentry"],"_links":{"self":[{"href":"https:\/\/www.erlebenswert-bamberg.de\/index.php?rest_route=\/wp\/v2\/pages\/20","targetHints":{"allow":["GET"]}}],"collection":[{"href":"https:\/\/www.erlebenswert-bamberg.de\/index.php?rest_route=\/wp\/v2\/pages"}],"about":[{"href":"https:\/\/www.erlebenswert-bamberg.de\/index.php?rest_route=\/wp\/v2\/types\/page"}],"author":[{"embeddable":true,"href":"https:\/\/www.erlebenswert-bamberg.de\/index.php?rest_route=\/wp\/v2\/users\/1"}],"replies":[{"embeddable":true,"href":"https:\/\/www.erlebenswert-bamberg.de\/index.php?rest_route=%2Fwp%2Fv2%2Fcomments&post=20"}],"version-history":[{"count":14,"href":"https:\/\/www.erlebenswert-bamberg.de\/index.php?rest_route=\/wp\/v2\/pages\/20\/revisions"}],"predecessor-version":[{"id":148,"href":"https:\/\/www.erlebenswert-bamberg.de\/index.php?rest_route=\/wp\/v2\/pages\/20\/revisions\/148"}],"up":[{"embeddable":true,"href":"https:\/\/www.erlebenswert-bamberg.de\/index.php?rest_route=\/wp\/v2\/pages\/8"}],"wp:featuredmedia":[{"embeddable":true,"href":"https:\/\/www.erlebenswert-bamberg.de\/index.php?rest_route=\/wp\/v2\/media\/94"}],"wp:attachment":[{"href":"https:\/\/www.erlebenswert-bamberg.de\/index.php?rest_route=%2Fwp%2Fv2%2Fmedia&parent=20"}],"curies":[{"name":"wp","href":"https:\/\/api.w.org\/{rel}","templated":true}]}}