{"id":22,"date":"2013-06-02T21:13:31","date_gmt":"2013-06-02T19:13:31","guid":{"rendered":"http:\/\/www.abono.de\/erlebenswert_bamberg\/?page_id=22"},"modified":"2024-05-02T14:42:07","modified_gmt":"2024-05-02T12:42:07","slug":"seiluberquerung","status":"publish","type":"page","link":"https:\/\/www.erlebenswert-bamberg.de\/?page_id=22","title":{"rendered":"Seil\u00fcberquerung"},"content":{"rendered":"<p>Die Kinder und Jugendlichen werden zur Belegschaft einer Firma f\u00fcr Seilaufbauten. Und der erste Auftrag ist auch schon da: Als neue touristische Attraktion soll f\u00fcr Kinder eine Seilbr\u00fccke \u00fcber einen Seitenarm der Regnitz geschaffen werden.<br \/>\nNach der Bauzeit wird die Konstruktion durch einen Pr\u00fcfdienst abgenommen und dem Belastungstest unterzogen: Alle Teilnehmer \u00fcberqueren das Wasser auf der selbst gebauten Konstruktion &#8211; hoffentlich ohne nasse F\u00fc\u00dfe zu bekommen.<\/p>\n<p>Zeitbedarf: ca. 3 Stunden<\/p>\n<p><a href=\"http:\/\/www.abono.de\/erlebenswert_bamberg\/wp-content\/uploads\/2013\/06\/seilueberquerung_unten.jpg\"><img loading=\"lazy\" decoding=\"async\" class=\"alignleft size-full wp-image-126\" src=\"http:\/\/www.abono.de\/erlebenswert_bamberg\/wp-content\/uploads\/2013\/06\/seilueberquerung_unten.jpg\" alt=\"seilueberquerung_unten\" width=\"1000\" height=\"288\" srcset=\"https:\/\/www.erlebenswert-bamberg.de\/wp-content\/uploads\/2013\/06\/seilueberquerung_unten.jpg 1000w, https:\/\/www.erlebenswert-bamberg.de\/wp-content\/uploads\/2013\/06\/seilueberquerung_unten-300x86.jpg 300w, https:\/\/www.erlebenswert-bamberg.de\/wp-content\/uploads\/2013\/06\/seilueberquerung_unten-500x144.jpg 500w\" sizes=\"auto, (max-width: 1000px) 100vw, 1000px\" \/><\/a><\/p>\n","protected":false},"excerpt":{"rendered":"<p>Die Kinder und Jugendlichen werden zur Belegschaft einer Firma f\u00fcr Seilaufbauten. Und der erste Auftrag ist auch schon da: Als neue touristische Attraktion soll f\u00fcr Kinder eine Seilbr\u00fccke \u00fcber einen Seitenarm der Regnitz geschaffen werden. Nach der Bauzeit wird die &hellip; <a href=\"https:\/\/www.erlebenswert-bamberg.de\/?page_id=22\">Weiterlesen <span class=\"meta-nav\">&rarr;<\/span><\/a><\/p>\n","protected":false},"author":1,"featured_media":91,"parent":8,"menu_order":0,"comment_status":"closed","ping_status":"closed","template":"","meta":{"footnotes":""},"class_list":["post-22","page","type-page","status-publish","has-post-thumbnail","hentry"],"_links":{"self":[{"href":"https:\/\/www.erlebenswert-bamberg.de\/index.php?rest_route=\/wp\/v2\/pages\/22","targetHints":{"allow":["GET"]}}],"collection":[{"href":"https:\/\/www.erlebenswert-bamberg.de\/index.php?rest_route=\/wp\/v2\/pages"}],"about":[{"href":"https:\/\/www.erlebenswert-bamberg.de\/index.php?rest_route=\/wp\/v2\/types\/page"}],"author":[{"embeddable":true,"href":"https:\/\/www.erlebenswert-bamberg.de\/index.php?rest_route=\/wp\/v2\/users\/1"}],"replies":[{"embeddable":true,"href":"https:\/\/www.erlebenswert-bamberg.de\/index.php?rest_route=%2Fwp%2Fv2%2Fcomments&post=22"}],"version-history":[{"count":7,"href":"https:\/\/www.erlebenswert-bamberg.de\/index.php?rest_route=\/wp\/v2\/pages\/22\/revisions"}],"predecessor-version":[{"id":206,"href":"https:\/\/www.erlebenswert-bamberg.de\/index.php?rest_route=\/wp\/v2\/pages\/22\/revisions\/206"}],"up":[{"embeddable":true,"href":"https:\/\/www.erlebenswert-bamberg.de\/index.php?rest_route=\/wp\/v2\/pages\/8"}],"wp:featuredmedia":[{"embeddable":true,"href":"https:\/\/www.erlebenswert-bamberg.de\/index.php?rest_route=\/wp\/v2\/media\/91"}],"wp:attachment":[{"href":"https:\/\/www.erlebenswert-bamberg.de\/index.php?rest_route=%2Fwp%2Fv2%2Fmedia&parent=22"}],"curies":[{"name":"wp","href":"https:\/\/api.w.org\/{rel}","templated":true}]}}