{"id":24,"date":"2013-06-02T21:13:59","date_gmt":"2013-06-02T19:13:59","guid":{"rendered":"http:\/\/www.abono.de\/erlebenswert_bamberg\/?page_id=24"},"modified":"2013-06-14T11:03:52","modified_gmt":"2013-06-14T09:03:52","slug":"nachterlebnis","status":"publish","type":"page","link":"https:\/\/www.erlebenswert-bamberg.de\/?page_id=24","title":{"rendered":"Nachterlebnis"},"content":{"rendered":"<p>Zum Abschluss des Tages gehen wir gemeinsam auf Nachtwanderung. Ohne k\u00fcnstliche Lichtquellen bewegen wir uns \u00fcber Forstwege, Trampelpfade oder einfach mal querfeld ein durch die W\u00e4lder des Michelsbergs. Dabei kommt es immer darauf an, sich auf seinen guten Tastsinn und auf den Vordermann verlassen zu k\u00f6nnen.<br \/>\nHighlights dieser Nachtwanderung bilden ein Sologang, bei dem jeder eine Wegstrecke alleine zur\u00fccklegen kann und eine Besinnungsphase, die die M\u00f6glichkeit bietet, die Ruhe der Nacht aufzunehmen.<\/p>\n<p>Zeitbedarf: 2 Stunden<\/p>\n","protected":false},"excerpt":{"rendered":"<p>Zum Abschluss des Tages gehen wir gemeinsam auf Nachtwanderung. Ohne k\u00fcnstliche Lichtquellen bewegen wir uns \u00fcber Forstwege, Trampelpfade oder einfach mal querfeld ein durch die W\u00e4lder des Michelsbergs. Dabei kommt es immer darauf an, sich auf seinen guten Tastsinn und &hellip; <a href=\"https:\/\/www.erlebenswert-bamberg.de\/?page_id=24\">Weiterlesen <span class=\"meta-nav\">&rarr;<\/span><\/a><\/p>\n","protected":false},"author":1,"featured_media":100,"parent":8,"menu_order":0,"comment_status":"closed","ping_status":"closed","template":"","meta":{"footnotes":""},"class_list":["post-24","page","type-page","status-publish","has-post-thumbnail","hentry"],"_links":{"self":[{"href":"https:\/\/www.erlebenswert-bamberg.de\/index.php?rest_route=\/wp\/v2\/pages\/24","targetHints":{"allow":["GET"]}}],"collection":[{"href":"https:\/\/www.erlebenswert-bamberg.de\/index.php?rest_route=\/wp\/v2\/pages"}],"about":[{"href":"https:\/\/www.erlebenswert-bamberg.de\/index.php?rest_route=\/wp\/v2\/types\/page"}],"author":[{"embeddable":true,"href":"https:\/\/www.erlebenswert-bamberg.de\/index.php?rest_route=\/wp\/v2\/users\/1"}],"replies":[{"embeddable":true,"href":"https:\/\/www.erlebenswert-bamberg.de\/index.php?rest_route=%2Fwp%2Fv2%2Fcomments&post=24"}],"version-history":[{"count":4,"href":"https:\/\/www.erlebenswert-bamberg.de\/index.php?rest_route=\/wp\/v2\/pages\/24\/revisions"}],"predecessor-version":[{"id":115,"href":"https:\/\/www.erlebenswert-bamberg.de\/index.php?rest_route=\/wp\/v2\/pages\/24\/revisions\/115"}],"up":[{"embeddable":true,"href":"https:\/\/www.erlebenswert-bamberg.de\/index.php?rest_route=\/wp\/v2\/pages\/8"}],"wp:featuredmedia":[{"embeddable":true,"href":"https:\/\/www.erlebenswert-bamberg.de\/index.php?rest_route=\/wp\/v2\/media\/100"}],"wp:attachment":[{"href":"https:\/\/www.erlebenswert-bamberg.de\/index.php?rest_route=%2Fwp%2Fv2%2Fmedia&parent=24"}],"curies":[{"name":"wp","href":"https:\/\/api.w.org\/{rel}","templated":true}]}}