{"id":26,"date":"2013-06-02T21:16:37","date_gmt":"2013-06-02T19:16:37","guid":{"rendered":"http:\/\/www.abono.de\/erlebenswert_bamberg\/?page_id=26"},"modified":"2014-09-15T11:19:14","modified_gmt":"2014-09-15T09:19:14","slug":"erlebnispadagogik","status":"publish","type":"page","link":"https:\/\/www.erlebenswert-bamberg.de\/?page_id=26","title":{"rendered":"Unser Angebot"},"content":{"rendered":"<p>Sie suchen f\u00fcr Ihre Schulklasse noch eine sinnvolle Besch\u00e4ftigung f\u00fcr den Wandertag?\u00a0 Sie haben in Ihrer Jugendgruppe noch Probleme beim gemeinsamen Teamverst\u00e4ndnis? Sie wollen in Ihrer Sportmannschaft den Teamgeist verst\u00e4rken?<\/p>\n<p>Unsere erlebnisp\u00e4dagogischen Programme m\u00f6chten die Teamarbeit in Gruppen st\u00e4rken und die Gemeinschaft aktiv erfahrbar machen. Dabei setzen wir auf real erlebbare Situationen, in denen die Kinder und Jugendlichen selbst erfahren k\u00f6nnen wie ein gutes Miteinander in Gruppen funktioniert. Neben dem gemeinsamen Gruppengef\u00fchl ist auch das eigene Erleben wichtig. Wie f\u00fchlt es sich z.B. an, wenn ich blind bin und mich voll und ganz auf meine Gruppe verlassen muss? Denn nur wenn jeder Einzelne sich in die Gruppe einbringt, kann Teamarbeit funktionieren.<\/p>\n<p>Nebenbei machen unsere Programme nat\u00fcrlich auch ganz viel Spa\u00df. Denn mit Spa\u00df lernt es sich am Besten!<\/p>\n","protected":false},"excerpt":{"rendered":"<p>Sie suchen f\u00fcr Ihre Schulklasse noch eine sinnvolle Besch\u00e4ftigung f\u00fcr den Wandertag?\u00a0 Sie haben in Ihrer Jugendgruppe noch Probleme beim gemeinsamen Teamverst\u00e4ndnis? Sie wollen in Ihrer Sportmannschaft den Teamgeist verst\u00e4rken? Unsere erlebnisp\u00e4dagogischen Programme m\u00f6chten die Teamarbeit in Gruppen st\u00e4rken und &hellip; <a href=\"https:\/\/www.erlebenswert-bamberg.de\/?page_id=26\">Weiterlesen <span class=\"meta-nav\">&rarr;<\/span><\/a><\/p>\n","protected":false},"author":1,"featured_media":93,"parent":0,"menu_order":0,"comment_status":"closed","ping_status":"closed","template":"","meta":{"footnotes":""},"class_list":["post-26","page","type-page","status-publish","has-post-thumbnail","hentry"],"_links":{"self":[{"href":"https:\/\/www.erlebenswert-bamberg.de\/index.php?rest_route=\/wp\/v2\/pages\/26","targetHints":{"allow":["GET"]}}],"collection":[{"href":"https:\/\/www.erlebenswert-bamberg.de\/index.php?rest_route=\/wp\/v2\/pages"}],"about":[{"href":"https:\/\/www.erlebenswert-bamberg.de\/index.php?rest_route=\/wp\/v2\/types\/page"}],"author":[{"embeddable":true,"href":"https:\/\/www.erlebenswert-bamberg.de\/index.php?rest_route=\/wp\/v2\/users\/1"}],"replies":[{"embeddable":true,"href":"https:\/\/www.erlebenswert-bamberg.de\/index.php?rest_route=%2Fwp%2Fv2%2Fcomments&post=26"}],"version-history":[{"count":11,"href":"https:\/\/www.erlebenswert-bamberg.de\/index.php?rest_route=\/wp\/v2\/pages\/26\/revisions"}],"predecessor-version":[{"id":144,"href":"https:\/\/www.erlebenswert-bamberg.de\/index.php?rest_route=\/wp\/v2\/pages\/26\/revisions\/144"}],"wp:featuredmedia":[{"embeddable":true,"href":"https:\/\/www.erlebenswert-bamberg.de\/index.php?rest_route=\/wp\/v2\/media\/93"}],"wp:attachment":[{"href":"https:\/\/www.erlebenswert-bamberg.de\/index.php?rest_route=%2Fwp%2Fv2%2Fmedia&parent=26"}],"curies":[{"name":"wp","href":"https:\/\/api.w.org\/{rel}","templated":true}]}}