{"id":31,"date":"2013-06-02T21:18:04","date_gmt":"2013-06-02T19:18:04","guid":{"rendered":"http:\/\/www.abono.de\/erlebenswert_bamberg\/?page_id=31"},"modified":"2024-05-02T14:43:23","modified_gmt":"2024-05-02T12:43:23","slug":"kontakt-team","status":"publish","type":"page","link":"https:\/\/www.erlebenswert-bamberg.de\/?page_id=31","title":{"rendered":"Kontakt &#038; Team"},"content":{"rendered":"<div>\n<p><strong>erlebenswert \u2013 Gemeinschaft erfahren<\/strong><br \/>\nSusanne und Axel Nordmann GbR<br \/>\nIm Weidig 1<br \/>\n96135 Stegaurach bei Bamberg<br \/>\n0951 \u2013 91 79 485<br \/>\nFax: 0951 &#8211; 932 999 79<br \/>\n<a href=\"mailto:s.nordmann@erlebenswert.com\">s.nordmann@erlebenswert-bamberg.de<\/a><\/p>\n<p><strong>Susanne Nordmann<\/strong><br \/>\n<strong><a href=\"http:\/\/www.abono.de\/erlebenswert_bamberg\/wp-content\/uploads\/2013\/06\/sanne_outdoor.jpg\"><img loading=\"lazy\" decoding=\"async\" class=\"wp-image-151 alignleft\" title=\"Susanne Nordmann\" src=\"http:\/\/www.abono.de\/erlebenswert_bamberg\/wp-content\/uploads\/2013\/06\/sanne_outdoor.jpg\" alt=\"\" width=\"245\" height=\"166\" \/><\/a><\/strong>Ich bin diplomierte Sozialp\u00e4dagogin, dazu zertifizierte Erlebnisp\u00e4dagogin und gepr\u00fcfte Hochseilgartentrainerin. Seit etwa f\u00fcnfzehn Jahren habe ich Erfahrung in der Organisation und Durchf\u00fchrung von erlebnisp\u00e4dagogischen Programmen f\u00fcr Schulklassen, Kinder- und Jugendgruppen. Dabei gef\u00e4llt mir vor allem, dass die Teilnehmer mit viel Spa\u00df erfahren k\u00f6nnen, was Teamarbeit und Gemeinschaft ausmacht und wie man ganz leicht an einem Strang ziehen kann um ein gemeinsames Ziel zu erreichen. Au\u00dferdem fasziniert es mich mit Kindern und Jugendlichen in der freien Natur unterwegs zu sein und so neue Eindr\u00fccke und Erlebnisse zu vermitteln.<\/p>\n<p><strong>Freiberufliche Erlebnisp\u00e4dagogen<br \/>\n<\/strong>Um bei meinen erlebnisp\u00e4dagogischen Programmen eine optimale Betreuung zu gew\u00e4hrleisten, arbeite ich mit mehreren freiberuflichen Erlebnisp\u00e4dagogen zusammen. Diese sind nat\u00fcrlich ebenso erfahren und qualifiziert, damit unsere Programme einen hohen Qualit\u00e4tsstandard erhalten.<\/p>\n<\/div>\n","protected":false},"excerpt":{"rendered":"<p>erlebenswert \u2013 Gemeinschaft erfahren Susanne und Axel Nordmann GbR Im Weidig 1 96135 Stegaurach bei Bamberg 0951 \u2013 91 79 485 Fax: 0951 &#8211; 932 999 79 s.nordmann@erlebenswert-bamberg.de Susanne Nordmann Ich bin diplomierte Sozialp\u00e4dagogin, dazu zertifizierte Erlebnisp\u00e4dagogin und gepr\u00fcfte Hochseilgartentrainerin. &hellip; <a href=\"https:\/\/www.erlebenswert-bamberg.de\/?page_id=31\">Weiterlesen <span class=\"meta-nav\">&rarr;<\/span><\/a><\/p>\n","protected":false},"author":1,"featured_media":98,"parent":0,"menu_order":2,"comment_status":"closed","ping_status":"closed","template":"","meta":{"footnotes":""},"class_list":["post-31","page","type-page","status-publish","has-post-thumbnail","hentry"],"_links":{"self":[{"href":"https:\/\/www.erlebenswert-bamberg.de\/index.php?rest_route=\/wp\/v2\/pages\/31","targetHints":{"allow":["GET"]}}],"collection":[{"href":"https:\/\/www.erlebenswert-bamberg.de\/index.php?rest_route=\/wp\/v2\/pages"}],"about":[{"href":"https:\/\/www.erlebenswert-bamberg.de\/index.php?rest_route=\/wp\/v2\/types\/page"}],"author":[{"embeddable":true,"href":"https:\/\/www.erlebenswert-bamberg.de\/index.php?rest_route=\/wp\/v2\/users\/1"}],"replies":[{"embeddable":true,"href":"https:\/\/www.erlebenswert-bamberg.de\/index.php?rest_route=%2Fwp%2Fv2%2Fcomments&post=31"}],"version-history":[{"count":10,"href":"https:\/\/www.erlebenswert-bamberg.de\/index.php?rest_route=\/wp\/v2\/pages\/31\/revisions"}],"predecessor-version":[{"id":208,"href":"https:\/\/www.erlebenswert-bamberg.de\/index.php?rest_route=\/wp\/v2\/pages\/31\/revisions\/208"}],"wp:featuredmedia":[{"embeddable":true,"href":"https:\/\/www.erlebenswert-bamberg.de\/index.php?rest_route=\/wp\/v2\/media\/98"}],"wp:attachment":[{"href":"https:\/\/www.erlebenswert-bamberg.de\/index.php?rest_route=%2Fwp%2Fv2%2Fmedia&parent=31"}],"curies":[{"name":"wp","href":"https:\/\/api.w.org\/{rel}","templated":true}]}}